{"id":24472,"date":"2025-06-14T11:00:04","date_gmt":"2025-06-14T08:00:04","guid":{"rendered":"https:\/\/www.sensecpump.com\/product\/sensec-25-6-180\/"},"modified":"2025-11-27T23:03:22","modified_gmt":"2025-11-27T20:03:22","slug":"sensec-25-6-180","status":"publish","type":"product","link":"https:\/\/www.sensecpump.com\/tr\/product\/sensec-25-6-180\/","title":{"rendered":"Sensec 25\/6-180"},"content":{"rendered":"","protected":false},"excerpt":{"rendered":"<p><strong>\u00dcr\u00fcn kodu:<\/strong> S-C-FC-25-6-180<br \/>\n<strong>\u00dcr\u00fcn ismi:<\/strong> SENSEC 25\/6-180<br \/>\n<strong>A\u011f\u0131rl\u0131k:<\/strong> 3.6 kg<br \/>\n<strong>Max. Basma Y\u00fcksekli\u011fi:<\/strong> 6.3 m<br \/>\n<strong>Max. Debi:<\/strong> 5.8 m3\/h<br \/>\n<strong>G\u00fcr\u00fclt\u00fc:<\/strong> \u226445dB(A)<br \/>\n<strong>Enerji verimlilik indeksi:<\/strong> \u22640,20<\/p>\n","protected":false},"featured_media":24777,"template":"","meta":{"_acf_changed":false,"slim_seo":{"title":"Sensec 25\/6-180 - Sensec Pump","description":"\u00dcr\u00fcn kodu: S-C-FC-25-6-180 \u00dcr\u00fcn ismi: SENSEC 25\/6-180 A\u011f\u0131rl\u0131k: 3.6 kg Max. Basma Y\u00fcksekli\u011fi: 6.3 m Max. Debi: 5.8 m3\/h G\u00fcr\u00fclt\u00fc: \u226445dB(A) Enerji verimlilik indek"}},"product_brand":[],"product_cat":[234],"product_tag":[],"class_list":{"0":"post-24472","1":"product","2":"type-product","3":"status-publish","4":"has-post-thumbnail","6":"product_cat-sensec-prime-serisi","8":"first","9":"instock","10":"shipping-taxable","11":"product-type-simple"},"acf":[],"_links":{"self":[{"href":"https:\/\/www.sensecpump.com\/tr\/wp-json\/wp\/v2\/product\/24472","targetHints":{"allow":["GET"]}}],"collection":[{"href":"https:\/\/www.sensecpump.com\/tr\/wp-json\/wp\/v2\/product"}],"about":[{"href":"https:\/\/www.sensecpump.com\/tr\/wp-json\/wp\/v2\/types\/product"}],"wp:featuredmedia":[{"embeddable":true,"href":"https:\/\/www.sensecpump.com\/tr\/wp-json\/wp\/v2\/media\/24777"}],"wp:attachment":[{"href":"https:\/\/www.sensecpump.com\/tr\/wp-json\/wp\/v2\/media?parent=24472"}],"wp:term":[{"taxonomy":"product_brand","embeddable":true,"href":"https:\/\/www.sensecpump.com\/tr\/wp-json\/wp\/v2\/product_brand?post=24472"},{"taxonomy":"product_cat","embeddable":true,"href":"https:\/\/www.sensecpump.com\/tr\/wp-json\/wp\/v2\/product_cat?post=24472"},{"taxonomy":"product_tag","embeddable":true,"href":"https:\/\/www.sensecpump.com\/tr\/wp-json\/wp\/v2\/product_tag?post=24472"}],"curies":[{"name":"wp","href":"https:\/\/api.w.org\/{rel}","templated":true}]}}