{"id":24615,"date":"2025-06-21T20:35:57","date_gmt":"2025-06-21T17:35:57","guid":{"rendered":"https:\/\/www.sensecpump.com\/product\/sensec-32-8-180-d\/"},"modified":"2025-11-04T15:58:19","modified_gmt":"2025-11-04T12:58:19","slug":"sensec-32-8-180-d","status":"publish","type":"product","link":"https:\/\/www.sensecpump.com\/tr\/product\/sensec-32-8-180-d\/","title":{"rendered":"Sensec 32\/8-180 D"},"content":{"rendered":"","protected":false},"excerpt":{"rendered":"<p><strong>\u00dcr\u00fcn kodu:<\/strong> S-C-FC-D-32-8-180<br \/>\n<strong>\u00dcr\u00fcn ismi:<\/strong> SENSEC D 32\/8-180<br \/>\n<strong>A\u011f\u0131rl\u0131k:<\/strong> 8,25 kg<br \/>\n<strong>Max. Basma Y\u00fcksekli\u011fi:<\/strong> 8,6 m<br \/>\n<strong>Max. Debi:<\/strong> 8 &#8211; 11,25 m3\/h<br \/>\n<strong>G\u00fcr\u00fclt\u00fc:<\/strong> 45dB(A)<br \/>\n<strong>Enerji verimlilik indeksi:<\/strong> \u22640,20<\/p>\n","protected":false},"featured_media":24616,"template":"","meta":{"_acf_changed":false,"slim_seo":{"title":"Sensec 32\/8-180 D - Sensec Pump","description":"\u00dcr\u00fcn kodu: S-C-FC-D-32-8-180 \u00dcr\u00fcn ismi: SENSEC D 32\/8-180 A\u011f\u0131rl\u0131k: 8,25 kg Max. Basma Y\u00fcksekli\u011fi: 8,6 m Max. Debi: 8 - 11,25 m3\/h G\u00fcr\u00fclt\u00fc: 45dB(A) Enerji veriml"}},"product_brand":[],"product_cat":[230],"product_tag":[],"class_list":{"0":"post-24615","1":"product","2":"type-product","3":"status-publish","4":"has-post-thumbnail","6":"product_cat-sensec-dual-serisi","8":"first","9":"instock","10":"shipping-taxable","11":"product-type-simple"},"acf":[],"_links":{"self":[{"href":"https:\/\/www.sensecpump.com\/tr\/wp-json\/wp\/v2\/product\/24615","targetHints":{"allow":["GET"]}}],"collection":[{"href":"https:\/\/www.sensecpump.com\/tr\/wp-json\/wp\/v2\/product"}],"about":[{"href":"https:\/\/www.sensecpump.com\/tr\/wp-json\/wp\/v2\/types\/product"}],"wp:featuredmedia":[{"embeddable":true,"href":"https:\/\/www.sensecpump.com\/tr\/wp-json\/wp\/v2\/media\/24616"}],"wp:attachment":[{"href":"https:\/\/www.sensecpump.com\/tr\/wp-json\/wp\/v2\/media?parent=24615"}],"wp:term":[{"taxonomy":"product_brand","embeddable":true,"href":"https:\/\/www.sensecpump.com\/tr\/wp-json\/wp\/v2\/product_brand?post=24615"},{"taxonomy":"product_cat","embeddable":true,"href":"https:\/\/www.sensecpump.com\/tr\/wp-json\/wp\/v2\/product_cat?post=24615"},{"taxonomy":"product_tag","embeddable":true,"href":"https:\/\/www.sensecpump.com\/tr\/wp-json\/wp\/v2\/product_tag?post=24615"}],"curies":[{"name":"wp","href":"https:\/\/api.w.org\/{rel}","templated":true}]}}