{"id":24742,"date":"2025-06-24T05:39:24","date_gmt":"2025-06-24T02:39:24","guid":{"rendered":"https:\/\/www.sensecpump.com\/product\/sensec-max-65-12-340-f\/"},"modified":"2025-11-04T19:13:58","modified_gmt":"2025-11-04T16:13:58","slug":"sensec-max-65-12-340-f","status":"publish","type":"product","link":"https:\/\/www.sensecpump.com\/tr\/product\/sensec-max-65-12-340-f\/","title":{"rendered":"Sensec Max 65\/12-340 F"},"content":{"rendered":"","protected":false},"excerpt":{"rendered":"<p><strong>\u00dcr\u00fcn kodu:<\/strong> S-C-FC-M-65-12-340<br \/>\n<strong>\u00dcr\u00fcn ismi:<\/strong> SENSEC MAX 65\/12-340F<br \/>\n<strong>A\u011f\u0131rl\u0131k:<\/strong> 17 kg<br \/>\n<strong>Max. Basma Y\u00fcksekli\u011fi:<\/strong> 12,3 m<br \/>\n<strong>Max. Debi:<\/strong> 32 m3\/h<br \/>\n<strong>G\u00fcr\u00fclt\u00fc:<\/strong> 45dB(A)<br \/>\n<strong>Enerji verimlilik indeksi:<\/strong> \u22640,20<\/p>\n","protected":false},"featured_media":24743,"template":"","meta":{"_acf_changed":false,"slim_seo":{"title":"Sensec Max 65\/12-340 F - Sensec Pump","description":"\u00dcr\u00fcn kodu: S-C-FC-M-65-12-340 \u00dcr\u00fcn ismi: SENSEC MAX 65\/12-340F A\u011f\u0131rl\u0131k: 17 kg Max. Basma Y\u00fcksekli\u011fi: 12,3 m Max. Debi: 32 m3\/h G\u00fcr\u00fclt\u00fc: 45dB(A) Enerji verimlili"}},"product_brand":[],"product_cat":[233],"product_tag":[],"class_list":{"0":"post-24742","1":"product","2":"type-product","3":"status-publish","4":"has-post-thumbnail","6":"product_cat-sensec-max-serisi","8":"first","9":"instock","10":"shipping-taxable","11":"product-type-simple"},"acf":[],"_links":{"self":[{"href":"https:\/\/www.sensecpump.com\/tr\/wp-json\/wp\/v2\/product\/24742","targetHints":{"allow":["GET"]}}],"collection":[{"href":"https:\/\/www.sensecpump.com\/tr\/wp-json\/wp\/v2\/product"}],"about":[{"href":"https:\/\/www.sensecpump.com\/tr\/wp-json\/wp\/v2\/types\/product"}],"wp:featuredmedia":[{"embeddable":true,"href":"https:\/\/www.sensecpump.com\/tr\/wp-json\/wp\/v2\/media\/24743"}],"wp:attachment":[{"href":"https:\/\/www.sensecpump.com\/tr\/wp-json\/wp\/v2\/media?parent=24742"}],"wp:term":[{"taxonomy":"product_brand","embeddable":true,"href":"https:\/\/www.sensecpump.com\/tr\/wp-json\/wp\/v2\/product_brand?post=24742"},{"taxonomy":"product_cat","embeddable":true,"href":"https:\/\/www.sensecpump.com\/tr\/wp-json\/wp\/v2\/product_cat?post=24742"},{"taxonomy":"product_tag","embeddable":true,"href":"https:\/\/www.sensecpump.com\/tr\/wp-json\/wp\/v2\/product_tag?post=24742"}],"curies":[{"name":"wp","href":"https:\/\/api.w.org\/{rel}","templated":true}]}}